{"id":3958,"date":"2023-08-21T09:32:40","date_gmt":"2023-08-21T09:32:40","guid":{"rendered":"https:\/\/comercialholgado.com\/?page_id=3958"},"modified":"2023-08-21T09:33:25","modified_gmt":"2023-08-21T09:33:25","slug":"mortadelles-halal","status":"publish","type":"page","link":"https:\/\/comercialholgado.com\/fr\/mortadelles-halal","title":{"rendered":"Mortadelles Halal"},"content":{"rendered":"<div class=\"total m-itemSldHeadSpecial u-pTB-xxl\">\n\t<div class=\"container\">\n\t\t<div class=\"__bxTxt u-color-white total u-nmB-lastchild u-pT-xl text-center\">\n\t\t\t<p class=\"u-mB-0\" style=\"text-align: center;\"><span style=\"font-size: 56px;\">Mortadelles Halal<\/span><\/p>\n\t\n\t\t<\/div>\n\t\t<div class=\"__bxTxt u-color-white total u-nmB-lastchild u-pT-xl u-pB-s text-center\">\n\t\t\t<p style=\"text-align: center;\"><span class=\"ht-five\">Pour demander nos produits<\/span><\/p>\n\t\t<\/div>\n\t\t<div class=\"__bxTxt u-color-white total u-nmB-lastchild u-pB-xl text-center\">\n\t\t\t<a href=\"fr\/contacto\" title=\"Contactez-nous\" class=\"u-semibold ht-body-s uppercase a-linkSpecial\" >Contactez-nous <span class=\"u-color-two-300\">\u2197<\/span> <\/a>\t\t<\/div>\n\t<\/div>\n\t<div class=\"__bxImg\">\n\t\t<img decoding=\"async\" width=\"2560\" height=\"1379\" src=\"https:\/\/comercialholgado.com\/contenido\/subidas\/2023\/02\/detalle2-scaled.jpg\" class=\"attachment-full size-full\" alt=\"Mortadela de vaca Halal Chef\" srcset=\"https:\/\/comercialholgado.com\/contenido\/subidas\/2023\/02\/detalle2-scaled.jpg 2560w, https:\/\/comercialholgado.com\/contenido\/subidas\/2023\/02\/detalle2-250x135.jpg 250w, https:\/\/comercialholgado.com\/contenido\/subidas\/2023\/02\/detalle2-700x377.jpg 700w, https:\/\/comercialholgado.com\/contenido\/subidas\/2023\/02\/detalle2-768x414.jpg 768w, https:\/\/comercialholgado.com\/contenido\/subidas\/2023\/02\/detalle2-1536x828.jpg 1536w, https:\/\/comercialholgado.com\/contenido\/subidas\/2023\/02\/detalle2-2048x1104.jpg 2048w, https:\/\/comercialholgado.com\/contenido\/subidas\/2023\/02\/detalle2-120x65.jpg 120w\" sizes=\"(max-width: 2560px) 100vw, 2560px\" \/>\t<\/div>\n<\/div>\n\n\n\n<div class=\"total u-pTB-xxl u-color-one u-bg-color-white block-slider-content\" id=\"block-slider-content-block_671fd117d9f93784d34a7f48b00e473b\" style=\"overflow: hidden!important;\">\n\t<div class=\"container\">\n\t\t<div class=\"js-slideProduct m-slideProduct --dots-color-one u-color-one\">\n\t\t\t\t\t\t<div class=\"__head u-pB-m total u-color-one\">\n\t\t\t\t<div class=\"__bx m-general-content mauto u-nmB-lastchild\">\n\t\t\t\t\t<p><span class=\"ht-five u-black\">NOS PRODUITS<\/span><\/p>\n\t\t\t\t<\/div>\n\t\t\t<\/div>\n\t\t\t\n\t\t\t<div class=\"__overflow u-pB-xl total u-color-one\">\n\t\t\t\t<div class=\"__item\"><article id=\"post-3918\" class=\"cols u-g-s m-itemProduct post-3918 cpt_producto type-cpt_producto status-publish has-post-thumbnail hentry\">\n\t\t<a href=\"https:\/\/comercialholgado.com\/fr\/produits\/mortadelle-classique-chef-halal-1814g\" title=\"Mortadelle Classique Chef Halal 1814g\" class=\"__bxImg\">\n\t\t<img decoding=\"async\" src=\"https:\/\/comercialholgado.com\/contenido\/subidas\/2023\/05\/cheforiginal_1814_4_-450x450.png\" class=\"total-image wp-post-image\" alt=\"Mortadela de vaca Chef\" srcset=\"https:\/\/comercialholgado.com\/contenido\/subidas\/2023\/05\/cheforiginal_1814_4_-450x450.png 450w, https:\/\/comercialholgado.com\/contenido\/subidas\/2023\/05\/cheforiginal_1814_4_-250x250.png 250w, https:\/\/comercialholgado.com\/contenido\/subidas\/2023\/05\/cheforiginal_1814_4_-700x700.png 700w, https:\/\/comercialholgado.com\/contenido\/subidas\/2023\/05\/cheforiginal_1814_4_-150x150.png 150w, https:\/\/comercialholgado.com\/contenido\/subidas\/2023\/05\/cheforiginal_1814_4_-768x768.png 768w, https:\/\/comercialholgado.com\/contenido\/subidas\/2023\/05\/cheforiginal_1814_4_-900x900.png 900w, https:\/\/comercialholgado.com\/contenido\/subidas\/2023\/05\/cheforiginal_1814_4_-120x120.png 120w, https:\/\/comercialholgado.com\/contenido\/subidas\/2023\/05\/cheforiginal_1814_4_.png 938w\" sizes=\"(max-width: 450px) 100vw, 450px\" \/>\t<\/a>\n\t\t<div class=\"__bxTxt total text-center\">\n\t\t<p class=\"ht-body-l u-font-family-secondary u-semibold u-mB-xs\">\n\t\t\t<a href=\"https:\/\/comercialholgado.com\/fr\/produits\/mortadelle-classique-chef-halal-1814g\" title=\"Mortadelle Classique Chef Halal 1814g\">Mortadelle Classique Chef Halal 1814g<\/a>\n\t\t<\/p>\n\t\t<a href=\"https:\/\/comercialholgado.com\/fr\/produits\/mortadelle-classique-chef-halal-1814g\" title=\"Mortadelle Classique Chef Halal 1814g\" class=\"u-semibold ht-body-s uppercase a-linkSpecial\">Voir produit <span class=\"u-color-two-300\">\u2197<\/span> <\/a>\n\t<\/div>\n<\/article><\/div><div class=\"__item\"><article id=\"post-3915\" class=\"cols u-g-s m-itemProduct post-3915 cpt_producto type-cpt_producto status-publish has-post-thumbnail hentry\">\n\t\t<a href=\"https:\/\/comercialholgado.com\/fr\/produits\/mortadelle-classique-chef-halal-840g\" title=\"Mortadelle Classique Chef Halal 840g\" class=\"__bxImg\">\n\t\t<img decoding=\"async\" src=\"https:\/\/comercialholgado.com\/contenido\/subidas\/2023\/05\/cheforiginal840__3_mesa-de-trabajo-1-450x450.png\" class=\"total-image wp-post-image\" alt=\"Mortadela de vaca Chef\" srcset=\"https:\/\/comercialholgado.com\/contenido\/subidas\/2023\/05\/cheforiginal840__3_mesa-de-trabajo-1-450x450.png 450w, https:\/\/comercialholgado.com\/contenido\/subidas\/2023\/05\/cheforiginal840__3_mesa-de-trabajo-1-250x250.png 250w, https:\/\/comercialholgado.com\/contenido\/subidas\/2023\/05\/cheforiginal840__3_mesa-de-trabajo-1-700x700.png 700w, https:\/\/comercialholgado.com\/contenido\/subidas\/2023\/05\/cheforiginal840__3_mesa-de-trabajo-1-150x150.png 150w, https:\/\/comercialholgado.com\/contenido\/subidas\/2023\/05\/cheforiginal840__3_mesa-de-trabajo-1-768x768.png 768w, https:\/\/comercialholgado.com\/contenido\/subidas\/2023\/05\/cheforiginal840__3_mesa-de-trabajo-1-900x900.png 900w, https:\/\/comercialholgado.com\/contenido\/subidas\/2023\/05\/cheforiginal840__3_mesa-de-trabajo-1-120x120.png 120w, https:\/\/comercialholgado.com\/contenido\/subidas\/2023\/05\/cheforiginal840__3_mesa-de-trabajo-1.png 938w\" sizes=\"(max-width: 450px) 100vw, 450px\" \/>\t<\/a>\n\t\t<div class=\"__bxTxt total text-center\">\n\t\t<p class=\"ht-body-l u-font-family-secondary u-semibold u-mB-xs\">\n\t\t\t<a href=\"https:\/\/comercialholgado.com\/fr\/produits\/mortadelle-classique-chef-halal-840g\" title=\"Mortadelle Classique Chef Halal 840g\">Mortadelle Classique Chef Halal 840g<\/a>\n\t\t<\/p>\n\t\t<a href=\"https:\/\/comercialholgado.com\/fr\/produits\/mortadelle-classique-chef-halal-840g\" title=\"Mortadelle Classique Chef Halal 840g\" class=\"u-semibold ht-body-s uppercase a-linkSpecial\">Voir produit <span class=\"u-color-two-300\">\u2197<\/span> <\/a>\n\t<\/div>\n<\/article><\/div><div class=\"__item\"><article id=\"post-3885\" class=\"cols u-g-s m-itemProduct post-3885 cpt_producto type-cpt_producto status-publish has-post-thumbnail hentry\">\n\t\t<a href=\"https:\/\/comercialholgado.com\/fr\/produits\/mortadela-chef-halal-1814g\" title=\"Mortadelle Chef Halal 1814g\" class=\"__bxImg\">\n\t\t<img decoding=\"async\" src=\"https:\/\/comercialholgado.com\/contenido\/subidas\/2023\/02\/chef_1814_mesa-de-trabajo-1-450x450.png\" class=\"total-image wp-post-image\" alt=\"Mortadela de vaca halal\" srcset=\"https:\/\/comercialholgado.com\/contenido\/subidas\/2023\/02\/chef_1814_mesa-de-trabajo-1-450x450.png 450w, https:\/\/comercialholgado.com\/contenido\/subidas\/2023\/02\/chef_1814_mesa-de-trabajo-1-250x250.png 250w, https:\/\/comercialholgado.com\/contenido\/subidas\/2023\/02\/chef_1814_mesa-de-trabajo-1-700x700.png 700w, https:\/\/comercialholgado.com\/contenido\/subidas\/2023\/02\/chef_1814_mesa-de-trabajo-1-150x150.png 150w, https:\/\/comercialholgado.com\/contenido\/subidas\/2023\/02\/chef_1814_mesa-de-trabajo-1-768x768.png 768w, https:\/\/comercialholgado.com\/contenido\/subidas\/2023\/02\/chef_1814_mesa-de-trabajo-1-900x900.png 900w, https:\/\/comercialholgado.com\/contenido\/subidas\/2023\/02\/chef_1814_mesa-de-trabajo-1-120x120.png 120w, https:\/\/comercialholgado.com\/contenido\/subidas\/2023\/02\/chef_1814_mesa-de-trabajo-1.png 938w\" sizes=\"(max-width: 450px) 100vw, 450px\" \/>\t<\/a>\n\t\t<div class=\"__bxTxt total text-center\">\n\t\t<p class=\"ht-body-l u-font-family-secondary u-semibold u-mB-xs\">\n\t\t\t<a href=\"https:\/\/comercialholgado.com\/fr\/produits\/mortadela-chef-halal-1814g\" title=\"Mortadelle Chef Halal 1814g\">Mortadelle Chef Halal 1814g<\/a>\n\t\t<\/p>\n\t\t<a href=\"https:\/\/comercialholgado.com\/fr\/produits\/mortadela-chef-halal-1814g\" title=\"Mortadelle Chef Halal 1814g\" class=\"u-semibold ht-body-s uppercase a-linkSpecial\">Voir produit <span class=\"u-color-two-300\">\u2197<\/span> <\/a>\n\t<\/div>\n<\/article><\/div><div class=\"__item\"><article id=\"post-3888\" class=\"cols u-g-s m-itemProduct post-3888 cpt_producto type-cpt_producto status-publish has-post-thumbnail hentry\">\n\t\t<a href=\"https:\/\/comercialholgado.com\/fr\/produits\/mortadela-chef-halal-840g\" title=\"Mortadelle Chef Halal 840g\" class=\"__bxImg\">\n\t\t<img decoding=\"async\" src=\"https:\/\/comercialholgado.com\/contenido\/subidas\/2022\/08\/group-20-450x450.png\" class=\"total-image wp-post-image\" alt=\"Lata mortadela de vaca halal Chef\" srcset=\"https:\/\/comercialholgado.com\/contenido\/subidas\/2022\/08\/group-20-450x450.png 450w, https:\/\/comercialholgado.com\/contenido\/subidas\/2022\/08\/group-20-150x150.png 150w\" sizes=\"(max-width: 450px) 100vw, 450px\" \/>\t<\/a>\n\t\t<div class=\"__bxTxt total text-center\">\n\t\t<p class=\"ht-body-l u-font-family-secondary u-semibold u-mB-xs\">\n\t\t\t<a href=\"https:\/\/comercialholgado.com\/fr\/produits\/mortadela-chef-halal-840g\" title=\"Mortadelle Chef Halal 840g\">Mortadelle Chef Halal 840g<\/a>\n\t\t<\/p>\n\t\t<a href=\"https:\/\/comercialholgado.com\/fr\/produits\/mortadela-chef-halal-840g\" title=\"Mortadelle Chef Halal 840g\" class=\"u-semibold ht-body-s uppercase a-linkSpecial\">Voir produit <span class=\"u-color-two-300\">\u2197<\/span> <\/a>\n\t<\/div>\n<\/article><\/div>\t\t\t<\/div>\n\t\t\t\n\t\t\t<div class=\"__footer total u-color-one\">\n\t\t\t\t<div class=\"__arrow-prev a-arrowCircle\">\n\t\t\t\t\t<svg xmlns=\"http:\/\/www.w3.org\/2000\/svg\" width=\"54\" height=\"54\" viewBox=\"0 0 54 54\"><g transform=\"translate(18227 2395)\"><path d=\"M27,1A26.007,26.007,0,0,0,16.88,50.957,26.007,26.007,0,0,0,37.12,3.043,25.836,25.836,0,0,0,27,1m0-1A27,27,0,1,1,0,27,27,27,0,0,1,27,0Z\" transform=\"translate(-18173 -2341) rotate(180)\"\/><path d=\"M24.1,13.244a.709.709,0,0,0-.06-.292.757.757,0,0,0-.177-.245L16.682,5.515a.972.972,0,0,0-.292-.217.71.71,0,0,0-.289-.062.684.684,0,0,0-.5.2.674.674,0,0,0-.2.5.852.852,0,0,0,.046.279.629.629,0,0,0,.144.235l3.232,3.258,3.666,3.408.168-.436-3.165-.151H4.863a.686.686,0,0,0-.51.2.766.766,0,0,0,0,1.03.686.686,0,0,0,.51.2H19.488l3.165-.151-.168-.428-3.666,3.4L15.587,20.04a.6.6,0,0,0-.143.232.855.855,0,0,0-.048.283.674.674,0,0,0,.2.5.684.684,0,0,0,.5.2.738.738,0,0,0,.526-.226l7.238-7.244a.885.885,0,0,0,.177-.256A.684.684,0,0,0,24.1,13.244Z\" transform=\"translate(-18185 -2355) rotate(180)\"\/><\/g><\/svg>\n\t\t\t\t<\/div>\n\t\t\t\t<div class=\"__arrow-next a-arrowCircle\">\n\t\t\t\t\t<svg xmlns=\"http:\/\/www.w3.org\/2000\/svg\" width=\"54\" height=\"54\" viewBox=\"0 0 54 54\">\n\t\t\t\t\t\t<g transform=\"translate(17968 2395)\">\n\t\t\t\t\t\t\t<path class=\"__circle\" d=\"M27,1A26.007,26.007,0,0,0,16.88,50.957,26.007,26.007,0,0,0,37.12,3.043,25.836,25.836,0,0,0,27,1m0-1A27,27,0,1,1,0,27,27,27,0,0,1,27,0Z\" transform=\"translate(-17968 -2395)\"\/>\n\t\t\t\t\t\t\t<path class=\"__arrow\" d=\"M24.1,13.244a.709.709,0,0,0-.06-.292.757.757,0,0,0-.177-.245L16.682,5.515a.972.972,0,0,0-.292-.217.71.71,0,0,0-.289-.062.684.684,0,0,0-.5.2.674.674,0,0,0-.2.5.852.852,0,0,0,.046.279.629.629,0,0,0,.144.235l3.232,3.258,3.666,3.408.168-.436-3.165-.151H4.863a.686.686,0,0,0-.51.2.766.766,0,0,0,0,1.03.686.686,0,0,0,.51.2H19.488l3.165-.151-.168-.428-3.666,3.4L15.587,20.04a.6.6,0,0,0-.143.232.855.855,0,0,0-.048.283.674.674,0,0,0,.2.5.684.684,0,0,0,.5.2.738.738,0,0,0,.526-.226l7.238-7.244a.885.885,0,0,0,.177-.256A.684.684,0,0,0,24.1,13.244Z\" transform=\"translate(-17956 -2381)\"\/>\n\t\t\t\t\t\t<\/g>\n\t\t\t\t\t<\/svg>\t\n\t\t\t\t<\/div>\n\t\t\t<\/div>\n\t\t<\/div>\n\t<\/div>\n        <div class=\"total u-pT-m\">\n        <div class=\"container mauto text-center\">\n           <a href=\"\/fr\/produits\" title=\"Voir plus\" class=\"a-btn a-btn-primary\" >Voir plus<\/a>        <\/div>\n    <\/div>\n    \n<\/div>\n\n\n","protected":false},"excerpt":{"rendered":"","protected":false},"author":5,"featured_media":0,"parent":0,"menu_order":12,"comment_status":"closed","ping_status":"closed","template":"","meta":{"_acf_changed":false,"_joinchat":[],"footnotes":""},"class_list":["post-3958","page","type-page","status-publish","hentry"],"acf":[],"yoast_head":"<!-- This site is optimized with the Yoast SEO plugin v25.2 - https:\/\/yoast.com\/wordpress\/plugins\/seo\/ -->\n<title>Mortadelles Halal - Comercial Holgado<\/title>\n<meta name=\"description\" content=\"Notre catalogue comprend une diversit\u00e9 de types de mortadelles halal, tant de poulet que de b\u0153uf, dans diff\u00e9rents formats.\" \/>\n<meta name=\"robots\" content=\"index, follow, max-snippet:-1, max-image-preview:large, max-video-preview:-1\" \/>\n<link rel=\"canonical\" href=\"https:\/\/comercialholgado.com\/fr\/mortadelles-halal\" \/>\n<meta property=\"og:locale\" content=\"fr_FR\" \/>\n<meta property=\"og:type\" content=\"article\" \/>\n<meta property=\"og:title\" content=\"Mortadelles Halal - Comercial Holgado\" \/>\n<meta property=\"og:description\" content=\"Notre catalogue comprend une diversit\u00e9 de types de mortadelles halal, tant de poulet que de b\u0153uf, dans diff\u00e9rents formats.\" \/>\n<meta property=\"og:url\" content=\"https:\/\/comercialholgado.com\/fr\/mortadelles-halal\" \/>\n<meta property=\"og:site_name\" content=\"Comercial Holgado\" \/>\n<meta property=\"article:modified_time\" content=\"2023-08-21T09:33:25+00:00\" \/>\n<meta name=\"twitter:card\" content=\"summary_large_image\" \/>\n<script type=\"application\/ld+json\" class=\"yoast-schema-graph\">{\"@context\":\"https:\/\/schema.org\",\"@graph\":[{\"@type\":\"WebPage\",\"@id\":\"https:\/\/comercialholgado.com\/fr\/mortadelles-halal\",\"url\":\"https:\/\/comercialholgado.com\/fr\/mortadelles-halal\",\"name\":\"Mortadelles Halal - Comercial Holgado\",\"isPartOf\":{\"@id\":\"https:\/\/comercialholgado.com\/fr#website\"},\"datePublished\":\"2023-08-21T09:32:40+00:00\",\"dateModified\":\"2023-08-21T09:33:25+00:00\",\"description\":\"Notre catalogue comprend une diversit\u00e9 de types de mortadelles halal, tant de poulet que de b\u0153uf, dans diff\u00e9rents formats.\",\"breadcrumb\":{\"@id\":\"https:\/\/comercialholgado.com\/fr\/mortadelles-halal#breadcrumb\"},\"inLanguage\":\"fr-FR\",\"potentialAction\":[{\"@type\":\"ReadAction\",\"target\":[\"https:\/\/comercialholgado.com\/fr\/mortadelles-halal\"]}]},{\"@type\":\"BreadcrumbList\",\"@id\":\"https:\/\/comercialholgado.com\/fr\/mortadelles-halal#breadcrumb\",\"itemListElement\":[{\"@type\":\"ListItem\",\"position\":1,\"name\":\"Portada\",\"item\":\"https:\/\/comercialholgado.com\/fr\"},{\"@type\":\"ListItem\",\"position\":2,\"name\":\"Mortadelles Halal\"}]},{\"@type\":\"WebSite\",\"@id\":\"https:\/\/comercialholgado.com\/fr#website\",\"url\":\"https:\/\/comercialholgado.com\/fr\",\"name\":\"Comercial Holgado\",\"description\":\"\",\"publisher\":{\"@id\":\"https:\/\/comercialholgado.com\/fr#organization\"},\"potentialAction\":[{\"@type\":\"SearchAction\",\"target\":{\"@type\":\"EntryPoint\",\"urlTemplate\":\"https:\/\/comercialholgado.com\/fr?s={search_term_string}\"},\"query-input\":{\"@type\":\"PropertyValueSpecification\",\"valueRequired\":true,\"valueName\":\"search_term_string\"}}],\"inLanguage\":\"fr-FR\"},{\"@type\":\"Organization\",\"@id\":\"https:\/\/comercialholgado.com\/fr#organization\",\"name\":\"Comercial Holgado\",\"url\":\"https:\/\/comercialholgado.com\/fr\",\"logo\":{\"@type\":\"ImageObject\",\"inLanguage\":\"fr-FR\",\"@id\":\"https:\/\/comercialholgado.com\/fr#\/schema\/logo\/image\/\",\"url\":\"https:\/\/comercialholgado.com\/contenido\/subidas\/2022\/08\/logotipo.svg\",\"contentUrl\":\"https:\/\/comercialholgado.com\/contenido\/subidas\/2022\/08\/logotipo.svg\",\"width\":140,\"height\":54,\"caption\":\"Comercial Holgado\"},\"image\":{\"@id\":\"https:\/\/comercialholgado.com\/fr#\/schema\/logo\/image\/\"}}]}<\/script>\n<!-- \/ Yoast SEO plugin. -->","yoast_head_json":{"title":"Mortadelles Halal - Comercial Holgado","description":"Notre catalogue comprend une diversit\u00e9 de types de mortadelles halal, tant de poulet que de b\u0153uf, dans diff\u00e9rents formats.","robots":{"index":"index","follow":"follow","max-snippet":"max-snippet:-1","max-image-preview":"max-image-preview:large","max-video-preview":"max-video-preview:-1"},"canonical":"https:\/\/comercialholgado.com\/fr\/mortadelles-halal","og_locale":"fr_FR","og_type":"article","og_title":"Mortadelles Halal - Comercial Holgado","og_description":"Notre catalogue comprend une diversit\u00e9 de types de mortadelles halal, tant de poulet que de b\u0153uf, dans diff\u00e9rents formats.","og_url":"https:\/\/comercialholgado.com\/fr\/mortadelles-halal","og_site_name":"Comercial Holgado","article_modified_time":"2023-08-21T09:33:25+00:00","twitter_card":"summary_large_image","schema":{"@context":"https:\/\/schema.org","@graph":[{"@type":"WebPage","@id":"https:\/\/comercialholgado.com\/fr\/mortadelles-halal","url":"https:\/\/comercialholgado.com\/fr\/mortadelles-halal","name":"Mortadelles Halal - Comercial Holgado","isPartOf":{"@id":"https:\/\/comercialholgado.com\/fr#website"},"datePublished":"2023-08-21T09:32:40+00:00","dateModified":"2023-08-21T09:33:25+00:00","description":"Notre catalogue comprend une diversit\u00e9 de types de mortadelles halal, tant de poulet que de b\u0153uf, dans diff\u00e9rents formats.","breadcrumb":{"@id":"https:\/\/comercialholgado.com\/fr\/mortadelles-halal#breadcrumb"},"inLanguage":"fr-FR","potentialAction":[{"@type":"ReadAction","target":["https:\/\/comercialholgado.com\/fr\/mortadelles-halal"]}]},{"@type":"BreadcrumbList","@id":"https:\/\/comercialholgado.com\/fr\/mortadelles-halal#breadcrumb","itemListElement":[{"@type":"ListItem","position":1,"name":"Portada","item":"https:\/\/comercialholgado.com\/fr"},{"@type":"ListItem","position":2,"name":"Mortadelles Halal"}]},{"@type":"WebSite","@id":"https:\/\/comercialholgado.com\/fr#website","url":"https:\/\/comercialholgado.com\/fr","name":"Comercial Holgado","description":"","publisher":{"@id":"https:\/\/comercialholgado.com\/fr#organization"},"potentialAction":[{"@type":"SearchAction","target":{"@type":"EntryPoint","urlTemplate":"https:\/\/comercialholgado.com\/fr?s={search_term_string}"},"query-input":{"@type":"PropertyValueSpecification","valueRequired":true,"valueName":"search_term_string"}}],"inLanguage":"fr-FR"},{"@type":"Organization","@id":"https:\/\/comercialholgado.com\/fr#organization","name":"Comercial Holgado","url":"https:\/\/comercialholgado.com\/fr","logo":{"@type":"ImageObject","inLanguage":"fr-FR","@id":"https:\/\/comercialholgado.com\/fr#\/schema\/logo\/image\/","url":"https:\/\/comercialholgado.com\/contenido\/subidas\/2022\/08\/logotipo.svg","contentUrl":"https:\/\/comercialholgado.com\/contenido\/subidas\/2022\/08\/logotipo.svg","width":140,"height":54,"caption":"Comercial Holgado"},"image":{"@id":"https:\/\/comercialholgado.com\/fr#\/schema\/logo\/image\/"}}]}},"_links":{"self":[{"href":"https:\/\/comercialholgado.com\/fr\/wp-json\/wp\/v2\/pages\/3958","targetHints":{"allow":["GET"]}}],"collection":[{"href":"https:\/\/comercialholgado.com\/fr\/wp-json\/wp\/v2\/pages"}],"about":[{"href":"https:\/\/comercialholgado.com\/fr\/wp-json\/wp\/v2\/types\/page"}],"author":[{"embeddable":true,"href":"https:\/\/comercialholgado.com\/fr\/wp-json\/wp\/v2\/users\/5"}],"replies":[{"embeddable":true,"href":"https:\/\/comercialholgado.com\/fr\/wp-json\/wp\/v2\/comments?post=3958"}],"version-history":[{"count":0,"href":"https:\/\/comercialholgado.com\/fr\/wp-json\/wp\/v2\/pages\/3958\/revisions"}],"wp:attachment":[{"href":"https:\/\/comercialholgado.com\/fr\/wp-json\/wp\/v2\/media?parent=3958"}],"curies":[{"name":"wp","href":"https:\/\/api.w.org\/{rel}","templated":true}]}}