{"id":3835,"date":"2023-04-20T11:26:34","date_gmt":"2023-04-20T11:26:34","guid":{"rendered":"https:\/\/comercialholgado.com\/nosotros"},"modified":"2023-04-21T11:00:58","modified_gmt":"2023-04-21T11:00:58","slug":"nosotros","status":"publish","type":"page","link":"https:\/\/comercialholgado.com\/fr\/nosotros","title":{"rendered":"Nosotros"},"content":{"rendered":"\n\n\n<div class=\"total u-pTB-xxl block-text-img u-bg-color-white u-color-one-700\" id=\"block-text-img-block_8c9db12200fd9e8935ea07a46b572d79\">\n    <div class=\"container\">\n        <div class=\"row row-cols-1 row-cols-lg-2 g-5 align-items-center d-flex justify-content-between \">\n            <div class=\"col text-left \">\n                <div class=\"total\" style=\"max-width: 650px;\">\n                                        <div class=\"m-general-content u-nmB-lastchild\">\n                        <p><span style=\"font-size: 24px;\"><b>\u00c0 PROPOS DE NOUS.<\/b><\/span><\/p>\n<p>Notre histoire commence \u00e0 <strong>Ceuta, une petite ville espagnole en Afrique du Nord<\/strong>, o\u00f9 il existe depuis toujours un grand r\u00e9seau commercial entre la ville et le pays voisin.<\/p>\n<p>Don Manuel Holgado Martos, notre fondateur, a commenc\u00e9 cette aventure entrepreneuriale il y a plus de 40 ans, donnant ainsi naissance \u00e0 notre soci\u00e9t\u00e9 actuelle connue sous le nom de <strong>Holgado Rodr\u00edguez e Hijos, S.L.<\/strong><\/p>\n<p>Notre engagement envers la qualit\u00e9 et l&rsquo;excellence a donn\u00e9 lieu \u00e0 certains de nos produits ayant une solide r\u00e9putation et une large acceptation dans toute la r\u00e9gion du Maroc. Nous sommes des pionniers dans l&rsquo;introduction de ces produits et nous nous effor\u00e7ons de rester des leaders sur le march\u00e9.<\/p>\n                    <\/div>\n                                    <\/div>\n            <\/div>\n        \n            <div class=\"col\">\n                                <img decoding=\"async\" width=\"977\" height=\"768\" src=\"https:\/\/comercialholgado.com\/contenido\/subidas\/2023\/03\/ch-ceuta-web.jpg\" class=\"total-image\" alt=\"Comercial Holgado en Ceuta\" srcset=\"https:\/\/comercialholgado.com\/contenido\/subidas\/2023\/03\/ch-ceuta-web.jpg 977w, https:\/\/comercialholgado.com\/contenido\/subidas\/2023\/03\/ch-ceuta-web-250x197.jpg 250w, https:\/\/comercialholgado.com\/contenido\/subidas\/2023\/03\/ch-ceuta-web-700x550.jpg 700w, https:\/\/comercialholgado.com\/contenido\/subidas\/2023\/03\/ch-ceuta-web-768x604.jpg 768w, https:\/\/comercialholgado.com\/contenido\/subidas\/2023\/03\/ch-ceuta-web-120x94.jpg 120w\" sizes=\"(max-width: 977px) 100vw, 977px\" \/>            <\/div>\n\n        <\/div>\n    <\/div>\n<\/div>\n\n\n\n\n\n\n<div class=\"total m-modSquareTxtImg --out block-square-text-img --inverse u-bg-color-one-100 u-color-one-700\" id=\"block-square-text-img-block_554ea7e3c610e450ce18c6111ab7c2ce\">\n    <div class=\"container\">\n        <div class=\"__bxCnt u-pTB-xxxl text-left\">\n                        <div class=\"m-general-content\"><p><span style=\"font-size: 24px;\"><b>LOCALISACION.<\/b><\/span><\/p>\n<p>Nous avons r\u00e9cemment ouvert une <strong>nouvelle succursale \u00e0 Malaga<\/strong>, une ville c\u00f4ti\u00e8re du sud de l&rsquo;Espagne. De l\u00e0, nous explorons de nouvelles opportunit\u00e9s sur le march\u00e9 europ\u00e9en.<\/p>\n<p>Nous sommes enthousiastes \u00e0 l&rsquo;id\u00e9e de ce nouveau chapitre de notre histoire et esp\u00e9rons continuer \u00e0 offrir des produits de haute qualit\u00e9 et des services exceptionnels \u00e0 nos clients. Nous continuerons \u00e0 travailler sans rel\u00e2che pour relever les d\u00e9fis et maintenir notre engagement envers le succ\u00e8s.<\/p>\n<\/div>\n                               \n                    <\/div>\n        <div class=\"__bxImgOrVideo\">\n                        <img decoding=\"async\" width=\"1920\" height=\"1280\" src=\"https:\/\/comercialholgado.com\/contenido\/subidas\/2023\/03\/fotografiamalaga.jpg\" class=\"attachment-full size-full\" alt=\"Fotograf\u00eda de M\u00e1laga\" srcset=\"https:\/\/comercialholgado.com\/contenido\/subidas\/2023\/03\/fotografiamalaga.jpg 1920w, https:\/\/comercialholgado.com\/contenido\/subidas\/2023\/03\/fotografiamalaga-250x167.jpg 250w, https:\/\/comercialholgado.com\/contenido\/subidas\/2023\/03\/fotografiamalaga-700x467.jpg 700w, https:\/\/comercialholgado.com\/contenido\/subidas\/2023\/03\/fotografiamalaga-768x512.jpg 768w, https:\/\/comercialholgado.com\/contenido\/subidas\/2023\/03\/fotografiamalaga-1536x1024.jpg 1536w, https:\/\/comercialholgado.com\/contenido\/subidas\/2023\/03\/fotografiamalaga-360x240.jpg 360w, https:\/\/comercialholgado.com\/contenido\/subidas\/2023\/03\/fotografiamalaga-120x80.jpg 120w\" sizes=\"(max-width: 1920px) 100vw, 1920px\" \/>        <\/div>\n    <\/div>\n<\/div>\n\n\n\n\n\n\n<div class=\"total u-pTB-xxl block-text-img u-bg-color-white u-color-one-700\" id=\"block-text-img-block_9c076db98fee975670c8e8d79c5c9cda\">\n    <div class=\"container\">\n        <div class=\"row row-cols-1 row-cols-lg-2 g-5 align-items-center d-flex justify-content-between \">\n            <div class=\"col text-left \">\n                <div class=\"total\" style=\"max-width: 650px;\">\n                                        <div class=\"m-general-content u-nmB-lastchild\">\n                        <h2>MARQUES.<\/h2>\n<p>Nous avons travaill\u00e9 avec diff\u00e9rentes marques, notamment nos <strong>produits phares de mortadelle Halal dans diff\u00e9rents formats.<\/strong> Des produits de qualit\u00e9 ax\u00e9s sur les clients marocains.<\/p>\n<p>Parmi elles, Apilore, Kroon, Le\u00f3n de Oro, Argal ou Chef.<\/p>\n<p>&nbsp;<\/p>\n<p>&nbsp;<\/p>\n                    <\/div>\n                                    <\/div>\n            <\/div>\n        \n            <div class=\"col\">\n                                <img decoding=\"async\" width=\"2560\" height=\"1920\" src=\"https:\/\/comercialholgado.com\/contenido\/subidas\/2023\/02\/detalle-scaled.jpg\" class=\"total-image\" alt=\"Mortadela de vaca Halal Chef\" srcset=\"https:\/\/comercialholgado.com\/contenido\/subidas\/2023\/02\/detalle-scaled.jpg 2560w, https:\/\/comercialholgado.com\/contenido\/subidas\/2023\/02\/detalle-250x188.jpg 250w, https:\/\/comercialholgado.com\/contenido\/subidas\/2023\/02\/detalle-700x525.jpg 700w, https:\/\/comercialholgado.com\/contenido\/subidas\/2023\/02\/detalle-768x576.jpg 768w, https:\/\/comercialholgado.com\/contenido\/subidas\/2023\/02\/detalle-1536x1152.jpg 1536w, https:\/\/comercialholgado.com\/contenido\/subidas\/2023\/02\/detalle-2048x1536.jpg 2048w, https:\/\/comercialholgado.com\/contenido\/subidas\/2023\/02\/detalle-120x90.jpg 120w\" sizes=\"(max-width: 2560px) 100vw, 2560px\" \/>            <\/div>\n\n        <\/div>\n    <\/div>\n<\/div>\n\n\n\n\n\n\n<div class=\"total m-modSquareTxtImg --out block-square-text-img --inverse u-bg-color-white u-color-one-700\" id=\"block-square-text-img-block_a74c09303d663d48008991dc51e126e6\">\n    <div class=\"container\">\n        <div class=\"__bxCnt u-pTB-xxxl text-left\">\n                        <div class=\"m-general-content\"><h2>FOURNISSEURS.<\/h2>\n<p>Notre histoire ne pourrait pas \u00eatre racont\u00e9e sans la grande relation entretenue avec des <strong>fournisseurs de haute qualit\u00e9.<\/strong> En particulier, nous tenons \u00e0 souligner notre partenaire et fournisseur n\u00e9erlandais, <strong>Groot Conserven B.V.<\/strong>, qui a \u00e9t\u00e9 fondamental dans notre parcours pendant plus de 40 ans.<\/p>\n<p>Gr\u00e2ce \u00e0 eux, nous avons pu offrir des produits de la plus haute qualit\u00e9 \u00e0 nos clients, y compris la <strong>d\u00e9licieuse mortadelle de b\u0153uf halal Chef.<\/strong><\/p>\n<\/div>\n                               \n                    <\/div>\n        <div class=\"__bxImgOrVideo\">\n                        <video preload=\"none\" playsinline muted loop autoplay class=\"__video\" poster=\"\"> \n                <source src=\"https:\/\/comercialholgado.com\/contenido\/subidas\/2022\/08\/video-home.mp4\" type=\"video\/mp4\"> \n                Your browser does not support the video tag. \n            <\/video>\n                                <\/div>\n    <\/div>\n<\/div>\n\n\n\n\n<figure class=\"wp-block-image alignwide size-full\"><img decoding=\"async\" width=\"2047\" height=\"889\" src=\"https:\/\/comercialholgado.com\/contenido\/subidas\/2023\/04\/web-fr-timeline-empresa_fr_mesa-de-trabajo-1.png\" alt=\"\" class=\"wp-image-3870\" srcset=\"https:\/\/comercialholgado.com\/contenido\/subidas\/2023\/04\/web-fr-timeline-empresa_fr_mesa-de-trabajo-1.png 2047w, https:\/\/comercialholgado.com\/contenido\/subidas\/2023\/04\/web-fr-timeline-empresa_fr_mesa-de-trabajo-1-250x109.png 250w, https:\/\/comercialholgado.com\/contenido\/subidas\/2023\/04\/web-fr-timeline-empresa_fr_mesa-de-trabajo-1-700x304.png 700w, https:\/\/comercialholgado.com\/contenido\/subidas\/2023\/04\/web-fr-timeline-empresa_fr_mesa-de-trabajo-1-768x334.png 768w, https:\/\/comercialholgado.com\/contenido\/subidas\/2023\/04\/web-fr-timeline-empresa_fr_mesa-de-trabajo-1-1536x667.png 1536w, https:\/\/comercialholgado.com\/contenido\/subidas\/2023\/04\/web-fr-timeline-empresa_fr_mesa-de-trabajo-1-120x52.png 120w\" sizes=\"(max-width: 2047px) 100vw, 2047px\" \/><\/figure>\n\n\n\n\n\n\n\n\n\n<div class=\"total u-pTB-xxl u-color-white u-bg-color-one-700 block-text-simple\" id=\"block-text-simple-block_316056363b30a2031a3698fb672f400c\">\n\t<div class=\"small-container\">\n\t\t<div class=\"m-general-content total u-npB-lastchild\">\n\t\t\t<h2>QUE POUVONS-NOUS OFFRIR?<\/h2>\n<p>\u00cates-vous int\u00e9ress\u00e9 par l&rsquo;un de nos produits? Souhaitez-vous que nous incluions l&rsquo;un de vos produits dans notre catalogue? N&rsquo;h\u00e9sitez pas \u00e0 nous contacter, nous serons ravis de vous aider.<\/p>\n\t\t<\/div>\n\t<\/div>\n<\/div>\n\n\n\n\n\n\n\n\n<div class=\"wp-block-buttons is-layout-flex wp-block-buttons-is-layout-flex\"><\/div>\n","protected":false},"excerpt":{"rendered":"","protected":false},"author":1,"featured_media":0,"parent":0,"menu_order":33,"comment_status":"closed","ping_status":"closed","template":"","meta":{"_acf_changed":false,"_joinchat":[],"footnotes":""},"class_list":["post-3835","page","type-page","status-publish","hentry"],"acf":[],"yoast_head":"<!-- This site is optimized with the Yoast SEO plugin v25.2 - https:\/\/yoast.com\/wordpress\/plugins\/seo\/ -->\n<title>Nosotros - Comercial Holgado<\/title>\n<meta name=\"robots\" content=\"index, follow, max-snippet:-1, max-image-preview:large, max-video-preview:-1\" \/>\n<link rel=\"canonical\" href=\"https:\/\/comercialholgado.com\/fr\/nosotros\" \/>\n<meta property=\"og:locale\" content=\"fr_FR\" \/>\n<meta property=\"og:type\" content=\"article\" \/>\n<meta property=\"og:title\" content=\"Nosotros - Comercial Holgado\" \/>\n<meta property=\"og:url\" content=\"https:\/\/comercialholgado.com\/fr\/nosotros\" \/>\n<meta property=\"og:site_name\" content=\"Comercial Holgado\" \/>\n<meta property=\"article:modified_time\" content=\"2023-04-21T11:00:58+00:00\" \/>\n<meta property=\"og:image\" content=\"https:\/\/comercialholgado.com\/contenido\/subidas\/2023\/04\/web-fr-timeline-empresa_fr_mesa-de-trabajo-1.png\" \/>\n<meta name=\"twitter:card\" content=\"summary_large_image\" \/>\n<meta name=\"twitter:label1\" content=\"Dur\u00e9e de lecture estim\u00e9e\" \/>\n\t<meta name=\"twitter:data1\" content=\"1 minute\" \/>\n<script type=\"application\/ld+json\" class=\"yoast-schema-graph\">{\"@context\":\"https:\/\/schema.org\",\"@graph\":[{\"@type\":\"WebPage\",\"@id\":\"https:\/\/comercialholgado.com\/fr\/nosotros\",\"url\":\"https:\/\/comercialholgado.com\/fr\/nosotros\",\"name\":\"Nosotros - Comercial Holgado\",\"isPartOf\":{\"@id\":\"https:\/\/comercialholgado.com\/fr#website\"},\"primaryImageOfPage\":{\"@id\":\"https:\/\/comercialholgado.com\/fr\/nosotros#primaryimage\"},\"image\":{\"@id\":\"https:\/\/comercialholgado.com\/fr\/nosotros#primaryimage\"},\"thumbnailUrl\":\"https:\/\/comercialholgado.com\/contenido\/subidas\/2023\/04\/web-fr-timeline-empresa_fr_mesa-de-trabajo-1.png\",\"datePublished\":\"2023-04-20T11:26:34+00:00\",\"dateModified\":\"2023-04-21T11:00:58+00:00\",\"breadcrumb\":{\"@id\":\"https:\/\/comercialholgado.com\/fr\/nosotros#breadcrumb\"},\"inLanguage\":\"fr-FR\",\"potentialAction\":[{\"@type\":\"ReadAction\",\"target\":[\"https:\/\/comercialholgado.com\/fr\/nosotros\"]}]},{\"@type\":\"ImageObject\",\"inLanguage\":\"fr-FR\",\"@id\":\"https:\/\/comercialholgado.com\/fr\/nosotros#primaryimage\",\"url\":\"https:\/\/comercialholgado.com\/contenido\/subidas\/2023\/04\/web-fr-timeline-empresa_fr_mesa-de-trabajo-1.png\",\"contentUrl\":\"https:\/\/comercialholgado.com\/contenido\/subidas\/2023\/04\/web-fr-timeline-empresa_fr_mesa-de-trabajo-1.png\"},{\"@type\":\"BreadcrumbList\",\"@id\":\"https:\/\/comercialholgado.com\/fr\/nosotros#breadcrumb\",\"itemListElement\":[{\"@type\":\"ListItem\",\"position\":1,\"name\":\"Portada\",\"item\":\"https:\/\/comercialholgado.com\/fr\"},{\"@type\":\"ListItem\",\"position\":2,\"name\":\"Nosotros\"}]},{\"@type\":\"WebSite\",\"@id\":\"https:\/\/comercialholgado.com\/fr#website\",\"url\":\"https:\/\/comercialholgado.com\/fr\",\"name\":\"Comercial Holgado\",\"description\":\"\",\"publisher\":{\"@id\":\"https:\/\/comercialholgado.com\/fr#organization\"},\"potentialAction\":[{\"@type\":\"SearchAction\",\"target\":{\"@type\":\"EntryPoint\",\"urlTemplate\":\"https:\/\/comercialholgado.com\/fr?s={search_term_string}\"},\"query-input\":{\"@type\":\"PropertyValueSpecification\",\"valueRequired\":true,\"valueName\":\"search_term_string\"}}],\"inLanguage\":\"fr-FR\"},{\"@type\":\"Organization\",\"@id\":\"https:\/\/comercialholgado.com\/fr#organization\",\"name\":\"Comercial Holgado\",\"url\":\"https:\/\/comercialholgado.com\/fr\",\"logo\":{\"@type\":\"ImageObject\",\"inLanguage\":\"fr-FR\",\"@id\":\"https:\/\/comercialholgado.com\/fr#\/schema\/logo\/image\/\",\"url\":\"https:\/\/comercialholgado.com\/contenido\/subidas\/2022\/08\/logotipo.svg\",\"contentUrl\":\"https:\/\/comercialholgado.com\/contenido\/subidas\/2022\/08\/logotipo.svg\",\"width\":140,\"height\":54,\"caption\":\"Comercial Holgado\"},\"image\":{\"@id\":\"https:\/\/comercialholgado.com\/fr#\/schema\/logo\/image\/\"}}]}<\/script>\n<!-- \/ Yoast SEO plugin. -->","yoast_head_json":{"title":"Nosotros - Comercial Holgado","robots":{"index":"index","follow":"follow","max-snippet":"max-snippet:-1","max-image-preview":"max-image-preview:large","max-video-preview":"max-video-preview:-1"},"canonical":"https:\/\/comercialholgado.com\/fr\/nosotros","og_locale":"fr_FR","og_type":"article","og_title":"Nosotros - Comercial Holgado","og_url":"https:\/\/comercialholgado.com\/fr\/nosotros","og_site_name":"Comercial Holgado","article_modified_time":"2023-04-21T11:00:58+00:00","og_image":[{"url":"https:\/\/comercialholgado.com\/contenido\/subidas\/2023\/04\/web-fr-timeline-empresa_fr_mesa-de-trabajo-1.png","type":"","width":"","height":""}],"twitter_card":"summary_large_image","twitter_misc":{"Dur\u00e9e de lecture estim\u00e9e":"1 minute"},"schema":{"@context":"https:\/\/schema.org","@graph":[{"@type":"WebPage","@id":"https:\/\/comercialholgado.com\/fr\/nosotros","url":"https:\/\/comercialholgado.com\/fr\/nosotros","name":"Nosotros - Comercial Holgado","isPartOf":{"@id":"https:\/\/comercialholgado.com\/fr#website"},"primaryImageOfPage":{"@id":"https:\/\/comercialholgado.com\/fr\/nosotros#primaryimage"},"image":{"@id":"https:\/\/comercialholgado.com\/fr\/nosotros#primaryimage"},"thumbnailUrl":"https:\/\/comercialholgado.com\/contenido\/subidas\/2023\/04\/web-fr-timeline-empresa_fr_mesa-de-trabajo-1.png","datePublished":"2023-04-20T11:26:34+00:00","dateModified":"2023-04-21T11:00:58+00:00","breadcrumb":{"@id":"https:\/\/comercialholgado.com\/fr\/nosotros#breadcrumb"},"inLanguage":"fr-FR","potentialAction":[{"@type":"ReadAction","target":["https:\/\/comercialholgado.com\/fr\/nosotros"]}]},{"@type":"ImageObject","inLanguage":"fr-FR","@id":"https:\/\/comercialholgado.com\/fr\/nosotros#primaryimage","url":"https:\/\/comercialholgado.com\/contenido\/subidas\/2023\/04\/web-fr-timeline-empresa_fr_mesa-de-trabajo-1.png","contentUrl":"https:\/\/comercialholgado.com\/contenido\/subidas\/2023\/04\/web-fr-timeline-empresa_fr_mesa-de-trabajo-1.png"},{"@type":"BreadcrumbList","@id":"https:\/\/comercialholgado.com\/fr\/nosotros#breadcrumb","itemListElement":[{"@type":"ListItem","position":1,"name":"Portada","item":"https:\/\/comercialholgado.com\/fr"},{"@type":"ListItem","position":2,"name":"Nosotros"}]},{"@type":"WebSite","@id":"https:\/\/comercialholgado.com\/fr#website","url":"https:\/\/comercialholgado.com\/fr","name":"Comercial Holgado","description":"","publisher":{"@id":"https:\/\/comercialholgado.com\/fr#organization"},"potentialAction":[{"@type":"SearchAction","target":{"@type":"EntryPoint","urlTemplate":"https:\/\/comercialholgado.com\/fr?s={search_term_string}"},"query-input":{"@type":"PropertyValueSpecification","valueRequired":true,"valueName":"search_term_string"}}],"inLanguage":"fr-FR"},{"@type":"Organization","@id":"https:\/\/comercialholgado.com\/fr#organization","name":"Comercial Holgado","url":"https:\/\/comercialholgado.com\/fr","logo":{"@type":"ImageObject","inLanguage":"fr-FR","@id":"https:\/\/comercialholgado.com\/fr#\/schema\/logo\/image\/","url":"https:\/\/comercialholgado.com\/contenido\/subidas\/2022\/08\/logotipo.svg","contentUrl":"https:\/\/comercialholgado.com\/contenido\/subidas\/2022\/08\/logotipo.svg","width":140,"height":54,"caption":"Comercial Holgado"},"image":{"@id":"https:\/\/comercialholgado.com\/fr#\/schema\/logo\/image\/"}}]}},"_links":{"self":[{"href":"https:\/\/comercialholgado.com\/fr\/wp-json\/wp\/v2\/pages\/3835","targetHints":{"allow":["GET"]}}],"collection":[{"href":"https:\/\/comercialholgado.com\/fr\/wp-json\/wp\/v2\/pages"}],"about":[{"href":"https:\/\/comercialholgado.com\/fr\/wp-json\/wp\/v2\/types\/page"}],"author":[{"embeddable":true,"href":"https:\/\/comercialholgado.com\/fr\/wp-json\/wp\/v2\/users\/1"}],"replies":[{"embeddable":true,"href":"https:\/\/comercialholgado.com\/fr\/wp-json\/wp\/v2\/comments?post=3835"}],"version-history":[{"count":0,"href":"https:\/\/comercialholgado.com\/fr\/wp-json\/wp\/v2\/pages\/3835\/revisions"}],"wp:attachment":[{"href":"https:\/\/comercialholgado.com\/fr\/wp-json\/wp\/v2\/media?parent=3835"}],"curies":[{"name":"wp","href":"https:\/\/api.w.org\/{rel}","templated":true}]}}