{"id":3659,"date":"2022-05-25T10:55:29","date_gmt":"2022-05-25T10:55:29","guid":{"rendered":"https:\/\/comercialholgado.com\/home"},"modified":"2023-08-22T11:48:20","modified_gmt":"2023-08-22T11:48:20","slug":"home","status":"publish","type":"page","link":"https:\/\/comercialholgado.com\/fr","title":{"rendered":"Home"},"content":{"rendered":"<div class=\"total m-itemSldHeadSpecial u-pTB-xxl\">\n\t<div class=\"container\">\n\t\t<div class=\"__bxTxt u-color-white total u-nmB-lastchild u-pT-xl text-center\">\n\t\t\t<p class=\"u-mB-0\" style=\"text-align: center;\"><span class=\"ht-one\">Distributeurs officiels<\/span><\/p>\n<p class=\"u-mT-0\" style=\"text-align: center;\"><span class=\"ht-one\">CHEF HALAL<\/span><\/p>\n\t\n\t\t<\/div>\n\t\t<div class=\"__bxTxt u-color-white total u-nmB-lastchild u-pT-xl u-pB-s text-center\">\n\t\t\t<p style=\"text-align: center;\"><span class=\"ht-five\">Pour commander nos produits<\/span><\/p>\n\t\t<\/div>\n\t\t<div class=\"__bxTxt u-color-white total u-nmB-lastchild u-pB-xl text-center\">\n\t\t\t<a href=\"\/fr\/contacto\" title=\" Contactez-nous\" class=\"u-semibold ht-body-s uppercase a-linkSpecial\" > Contactez-nous <span class=\"u-color-two-300\">\u2197<\/span> <\/a>\t\t<\/div>\n\t<\/div>\n\t<div class=\"__bxImg\">\n\t\t<img decoding=\"async\" width=\"2560\" height=\"1379\" src=\"https:\/\/comercialholgado.com\/contenido\/subidas\/2023\/02\/detalle2-scaled.jpg\" class=\"attachment-full size-full\" alt=\"Mortadela de vaca Halal Chef\" srcset=\"https:\/\/comercialholgado.com\/contenido\/subidas\/2023\/02\/detalle2-scaled.jpg 2560w, https:\/\/comercialholgado.com\/contenido\/subidas\/2023\/02\/detalle2-250x135.jpg 250w, https:\/\/comercialholgado.com\/contenido\/subidas\/2023\/02\/detalle2-700x377.jpg 700w, https:\/\/comercialholgado.com\/contenido\/subidas\/2023\/02\/detalle2-768x414.jpg 768w, https:\/\/comercialholgado.com\/contenido\/subidas\/2023\/02\/detalle2-1536x828.jpg 1536w, https:\/\/comercialholgado.com\/contenido\/subidas\/2023\/02\/detalle2-2048x1104.jpg 2048w, https:\/\/comercialholgado.com\/contenido\/subidas\/2023\/02\/detalle2-120x65.jpg 120w\" sizes=\"(max-width: 2560px) 100vw, 2560px\" \/>\t<\/div>\n<\/div>\n\n\n\n<div class=\"total u-pTB-xxl u-color-one u-bg-color-white block-slider-content\" id=\"block-slider-content-block_51792c7812dad9e54d1f0ec3e0259700\" style=\"overflow: hidden!important;\">\n\t<div class=\"container\">\n\t\t<div class=\"js-slideProduct m-slideProduct --dots-color-one u-color-one\">\n\t\t\t\t\t\t<div class=\"__head u-pB-m total u-color-one\">\n\t\t\t\t<div class=\"__bx m-general-content mauto u-nmB-lastchild\">\n\t\t\t\t\t<p><span class=\"ht-five u-black\">NOS PRODUITS<\/span><\/p>\n\t\t\t\t<\/div>\n\t\t\t<\/div>\n\t\t\t\n\t\t\t<div class=\"__overflow u-pB-xl total u-color-one\">\n\t\t\t\t<div class=\"__item\"><article id=\"post-3885\" class=\"cols u-g-s m-itemProduct post-3885 cpt_producto type-cpt_producto status-publish has-post-thumbnail hentry\">\n\t\t<a href=\"https:\/\/comercialholgado.com\/fr\/produits\/mortadela-chef-halal-1814g\" title=\"Mortadelle Chef Halal 1814g\" class=\"__bxImg\">\n\t\t<img decoding=\"async\" src=\"https:\/\/comercialholgado.com\/contenido\/subidas\/2023\/02\/chef_1814_mesa-de-trabajo-1-450x450.png\" class=\"total-image wp-post-image\" alt=\"Mortadela de vaca halal\" srcset=\"https:\/\/comercialholgado.com\/contenido\/subidas\/2023\/02\/chef_1814_mesa-de-trabajo-1-450x450.png 450w, https:\/\/comercialholgado.com\/contenido\/subidas\/2023\/02\/chef_1814_mesa-de-trabajo-1-250x250.png 250w, https:\/\/comercialholgado.com\/contenido\/subidas\/2023\/02\/chef_1814_mesa-de-trabajo-1-700x700.png 700w, https:\/\/comercialholgado.com\/contenido\/subidas\/2023\/02\/chef_1814_mesa-de-trabajo-1-150x150.png 150w, https:\/\/comercialholgado.com\/contenido\/subidas\/2023\/02\/chef_1814_mesa-de-trabajo-1-768x768.png 768w, https:\/\/comercialholgado.com\/contenido\/subidas\/2023\/02\/chef_1814_mesa-de-trabajo-1-900x900.png 900w, https:\/\/comercialholgado.com\/contenido\/subidas\/2023\/02\/chef_1814_mesa-de-trabajo-1-120x120.png 120w, https:\/\/comercialholgado.com\/contenido\/subidas\/2023\/02\/chef_1814_mesa-de-trabajo-1.png 938w\" sizes=\"(max-width: 450px) 100vw, 450px\" \/>\t<\/a>\n\t\t<div class=\"__bxTxt total text-center\">\n\t\t<p class=\"ht-body-l u-font-family-secondary u-semibold u-mB-xs\">\n\t\t\t<a href=\"https:\/\/comercialholgado.com\/fr\/produits\/mortadela-chef-halal-1814g\" title=\"Mortadelle Chef Halal 1814g\">Mortadelle Chef Halal 1814g<\/a>\n\t\t<\/p>\n\t\t<a href=\"https:\/\/comercialholgado.com\/fr\/produits\/mortadela-chef-halal-1814g\" title=\"Mortadelle Chef Halal 1814g\" class=\"u-semibold ht-body-s uppercase a-linkSpecial\">Voir produit <span class=\"u-color-two-300\">\u2197<\/span> <\/a>\n\t<\/div>\n<\/article><\/div><div class=\"__item\"><article id=\"post-3888\" class=\"cols u-g-s m-itemProduct post-3888 cpt_producto type-cpt_producto status-publish has-post-thumbnail hentry\">\n\t\t<a href=\"https:\/\/comercialholgado.com\/fr\/produits\/mortadela-chef-halal-840g\" title=\"Mortadelle Chef Halal 840g\" class=\"__bxImg\">\n\t\t<img decoding=\"async\" src=\"https:\/\/comercialholgado.com\/contenido\/subidas\/2022\/08\/group-20-450x450.png\" class=\"total-image wp-post-image\" alt=\"Lata mortadela de vaca halal Chef\" srcset=\"https:\/\/comercialholgado.com\/contenido\/subidas\/2022\/08\/group-20-450x450.png 450w, https:\/\/comercialholgado.com\/contenido\/subidas\/2022\/08\/group-20-150x150.png 150w\" sizes=\"(max-width: 450px) 100vw, 450px\" \/>\t<\/a>\n\t\t<div class=\"__bxTxt total text-center\">\n\t\t<p class=\"ht-body-l u-font-family-secondary u-semibold u-mB-xs\">\n\t\t\t<a href=\"https:\/\/comercialholgado.com\/fr\/produits\/mortadela-chef-halal-840g\" title=\"Mortadelle Chef Halal 840g\">Mortadelle Chef Halal 840g<\/a>\n\t\t<\/p>\n\t\t<a href=\"https:\/\/comercialholgado.com\/fr\/produits\/mortadela-chef-halal-840g\" title=\"Mortadelle Chef Halal 840g\" class=\"u-semibold ht-body-s uppercase a-linkSpecial\">Voir produit <span class=\"u-color-two-300\">\u2197<\/span> <\/a>\n\t<\/div>\n<\/article><\/div>\t\t\t<\/div>\n\t\t\t\n\t\t\t<div class=\"__footer total u-color-one\">\n\t\t\t\t<div class=\"__arrow-prev a-arrowCircle\">\n\t\t\t\t\t<svg xmlns=\"http:\/\/www.w3.org\/2000\/svg\" width=\"54\" height=\"54\" viewBox=\"0 0 54 54\"><g transform=\"translate(18227 2395)\"><path d=\"M27,1A26.007,26.007,0,0,0,16.88,50.957,26.007,26.007,0,0,0,37.12,3.043,25.836,25.836,0,0,0,27,1m0-1A27,27,0,1,1,0,27,27,27,0,0,1,27,0Z\" transform=\"translate(-18173 -2341) rotate(180)\"\/><path d=\"M24.1,13.244a.709.709,0,0,0-.06-.292.757.757,0,0,0-.177-.245L16.682,5.515a.972.972,0,0,0-.292-.217.71.71,0,0,0-.289-.062.684.684,0,0,0-.5.2.674.674,0,0,0-.2.5.852.852,0,0,0,.046.279.629.629,0,0,0,.144.235l3.232,3.258,3.666,3.408.168-.436-3.165-.151H4.863a.686.686,0,0,0-.51.2.766.766,0,0,0,0,1.03.686.686,0,0,0,.51.2H19.488l3.165-.151-.168-.428-3.666,3.4L15.587,20.04a.6.6,0,0,0-.143.232.855.855,0,0,0-.048.283.674.674,0,0,0,.2.5.684.684,0,0,0,.5.2.738.738,0,0,0,.526-.226l7.238-7.244a.885.885,0,0,0,.177-.256A.684.684,0,0,0,24.1,13.244Z\" transform=\"translate(-18185 -2355) rotate(180)\"\/><\/g><\/svg>\n\t\t\t\t<\/div>\n\t\t\t\t<div class=\"__arrow-next a-arrowCircle\">\n\t\t\t\t\t<svg xmlns=\"http:\/\/www.w3.org\/2000\/svg\" width=\"54\" height=\"54\" viewBox=\"0 0 54 54\">\n\t\t\t\t\t\t<g transform=\"translate(17968 2395)\">\n\t\t\t\t\t\t\t<path class=\"__circle\" d=\"M27,1A26.007,26.007,0,0,0,16.88,50.957,26.007,26.007,0,0,0,37.12,3.043,25.836,25.836,0,0,0,27,1m0-1A27,27,0,1,1,0,27,27,27,0,0,1,27,0Z\" transform=\"translate(-17968 -2395)\"\/>\n\t\t\t\t\t\t\t<path class=\"__arrow\" d=\"M24.1,13.244a.709.709,0,0,0-.06-.292.757.757,0,0,0-.177-.245L16.682,5.515a.972.972,0,0,0-.292-.217.71.71,0,0,0-.289-.062.684.684,0,0,0-.5.2.674.674,0,0,0-.2.5.852.852,0,0,0,.046.279.629.629,0,0,0,.144.235l3.232,3.258,3.666,3.408.168-.436-3.165-.151H4.863a.686.686,0,0,0-.51.2.766.766,0,0,0,0,1.03.686.686,0,0,0,.51.2H19.488l3.165-.151-.168-.428-3.666,3.4L15.587,20.04a.6.6,0,0,0-.143.232.855.855,0,0,0-.048.283.674.674,0,0,0,.2.5.684.684,0,0,0,.5.2.738.738,0,0,0,.526-.226l7.238-7.244a.885.885,0,0,0,.177-.256A.684.684,0,0,0,24.1,13.244Z\" transform=\"translate(-17956 -2381)\"\/>\n\t\t\t\t\t\t<\/g>\n\t\t\t\t\t<\/svg>\t\n\t\t\t\t<\/div>\n\t\t\t<\/div>\n\t\t<\/div>\n\t<\/div>\n        <div class=\"total u-pT-m\">\n        <div class=\"container mauto text-center\">\n           <a href=\"\/fr\/produits\" title=\"Voir plus\" class=\"a-btn a-btn-primary\" >Voir plus<\/a>        <\/div>\n    <\/div>\n    \n<\/div>\n\n\n\n\n\n<div class=\"total u-pTB-xxl u-color-one u-bg-color-one-100 block-slider-content\" id=\"block-slider-content-block_23842342ce9ce52b85a17d09fc030542\" style=\"overflow: hidden!important;\">\n\t<div class=\"container\">\n\t\t<div class=\"js-slideProduct m-slideProduct --dots-color-one u-color-one\">\n\t\t\t\t\t\t<div class=\"__head u-pB-m total u-color-one\">\n\t\t\t\t<div class=\"__bx m-general-content mauto u-nmB-lastchild\">\n\t\t\t\t\t<p><span class=\"ht-five u-black\">RECETTES<\/span><\/p>\n\t\t\t\t<\/div>\n\t\t\t<\/div>\n\t\t\t\n\t\t\t<div class=\"__overflow u-pB-xl total u-color-one\">\n\t\t\t\t<div class=\"__item\"><article id=\"post-3795\" class=\"col u-nmB-lastchild m-itemReceta post-3795 cpt_receta type-cpt_receta status-publish has-post-thumbnail hentry\">\n\t<!-- post thumbnail -->\n\t<a href=\"https:\/\/comercialholgado.com\/fr\/recettes\/receta-brocheta-mortadela-halal-chef-2\" title=\"Brochette de mortadelle Halal Chef\" class=\"m-itemReceta__img\">\n\t\t\t\t\t<img decoding=\"async\" src=\"https:\/\/comercialholgado.com\/contenido\/subidas\/2023\/02\/producto-comercial-holgado-redes-2-360x240.jpg\" class=\"total-image wp-post-image\" alt=\"Brochetas con mortadela halal\" \/>\t\t\t<\/a>\n\t<div class=\"total u-p-sm u-npB-lastchild u-bg-color-white \">\n\t\t<p class=\"ht-five u-regular u-semibold m-itemReceta__title\">\n\t\t\t<a href=\"https:\/\/comercialholgado.com\/fr\/recettes\/receta-brocheta-mortadela-halal-chef-2\" title=\"Brochette de mortadelle Halal Chef\">Brochette de mortadelle Halal Chef <\/a>\n\t\t<\/p>\n\t\t<p class=\"ht-body u-regular u-color-one-300 m-itemReceta__text\">\u00ab\u00a0Voici une id\u00e9e rapide et d\u00e9licieuse pour n&rsquo;importe quel moment de la journ\u00e9e, que ce soit un d\u00eener l\u00e9ger ou un ap\u00e9ritif entre amis. Ils vont certainement l&rsquo;adorer!<\/p>\n\t\t<a href=\"https:\/\/comercialholgado.com\/fr\/recettes\/receta-brocheta-mortadela-halal-chef-2\" title=\"Brochette de mortadelle Halal Chef\" class=\"u-color-one-700 u-semibold ht-body-s uppercase a-linkSpecial\">Lire des recettes <span class=\"u-color-two-300\">\u2197<\/span> <\/a>\n\t<\/div>\n<\/article><\/div><div class=\"__item\"><article id=\"post-3798\" class=\"col u-nmB-lastchild m-itemReceta post-3798 cpt_receta type-cpt_receta status-publish has-post-thumbnail hentry\">\n\t<!-- post thumbnail -->\n\t<a href=\"https:\/\/comercialholgado.com\/fr\/recettes\/receta-numero-1-de-mortadela-halal-chef-12\" title=\"Salade avec Mortadelle Halal Chef\" class=\"m-itemReceta__img\">\n\t\t\t\t\t<img decoding=\"async\" src=\"https:\/\/comercialholgado.com\/contenido\/subidas\/2023\/02\/producto-comercial-holgado-redes-4-360x240.jpg\" class=\"total-image wp-post-image\" alt=\"Ensalada con mortadela halal\" \/>\t\t\t<\/a>\n\t<div class=\"total u-p-sm u-npB-lastchild u-bg-color-white \">\n\t\t<p class=\"ht-five u-regular u-semibold m-itemReceta__title\">\n\t\t\t<a href=\"https:\/\/comercialholgado.com\/fr\/recettes\/receta-numero-1-de-mortadela-halal-chef-12\" title=\"Salade avec Mortadelle Halal Chef\">Salade avec Mortadelle Halal Chef <\/a>\n\t\t<\/p>\n\t\t<p class=\"ht-body u-regular u-color-one-300 m-itemReceta__text\">Cherchez-vous une option fra\u00eeche et l\u00e9g\u00e8re pour votre repas de la journ\u00e9e, mais sans sacrifier la saveur? Nous avons la recette parfaite pour vous! Continuez \u00e0 lire pour d\u00e9couvrir comment le faire!<\/p>\n\t\t<a href=\"https:\/\/comercialholgado.com\/fr\/recettes\/receta-numero-1-de-mortadela-halal-chef-12\" title=\"Salade avec Mortadelle Halal Chef\" class=\"u-color-one-700 u-semibold ht-body-s uppercase a-linkSpecial\">Lire des recettes <span class=\"u-color-two-300\">\u2197<\/span> <\/a>\n\t<\/div>\n<\/article><\/div><div class=\"__item\"><article id=\"post-3800\" class=\"col u-nmB-lastchild m-itemReceta post-3800 cpt_receta type-cpt_receta status-publish has-post-thumbnail hentry\">\n\t<!-- post thumbnail -->\n\t<a href=\"https:\/\/comercialholgado.com\/fr\/recettes\/como-hacer-una-tabla-de-picoteo-con-mortadela-halal-chef\" title=\"Tableau ap\u00e9ritif avec Mortadela Halal Chef\" class=\"m-itemReceta__img\">\n\t\t\t\t\t<img decoding=\"async\" src=\"https:\/\/comercialholgado.com\/contenido\/subidas\/2023\/02\/producto-comercial-holgado-redes-5-360x240.jpg\" class=\"total-image wp-post-image\" alt=\"Tabla de picoteo con Mortadela Halal\" \/>\t\t\t<\/a>\n\t<div class=\"total u-p-sm u-npB-lastchild u-bg-color-white \">\n\t\t<p class=\"ht-five u-regular u-semibold m-itemReceta__title\">\n\t\t\t<a href=\"https:\/\/comercialholgado.com\/fr\/recettes\/como-hacer-una-tabla-de-picoteo-con-mortadela-halal-chef\" title=\"Tableau ap\u00e9ritif avec Mortadela Halal Chef\">Tableau ap\u00e9ritif avec Mortadela Halal Chef <\/a>\n\t\t<\/p>\n\t\t<p class=\"ht-body u-regular u-color-one-300 m-itemReceta__text\">Aujourd&rsquo;hui, nous vous pr\u00e9sentons une option parfaite pour toute occasion, surtout pour les amateurs de snacks. Pr\u00e9parez-vous \u00e0 profiter d&rsquo;une exp\u00e9rience gastronomique d\u00e9licieuse!<\/p>\n\t\t<a href=\"https:\/\/comercialholgado.com\/fr\/recettes\/como-hacer-una-tabla-de-picoteo-con-mortadela-halal-chef\" title=\"Tableau ap\u00e9ritif avec Mortadela Halal Chef\" class=\"u-color-one-700 u-semibold ht-body-s uppercase a-linkSpecial\">Lire des recettes <span class=\"u-color-two-300\">\u2197<\/span> <\/a>\n\t<\/div>\n<\/article><\/div><div class=\"__item\"><article id=\"post-3802\" class=\"col u-nmB-lastchild m-itemReceta post-3802 cpt_receta type-cpt_receta status-publish has-post-thumbnail hentry\">\n\t<!-- post thumbnail -->\n\t<a href=\"https:\/\/comercialholgado.com\/fr\/recettes\/receta-de-mortadela-halal-chef\" title=\"Sandwich \u00e0 la mortadelle Halal Chef.\" class=\"m-itemReceta__img\">\n\t\t\t\t\t<img decoding=\"async\" src=\"https:\/\/comercialholgado.com\/contenido\/subidas\/2022\/08\/producto-comercial-holgado-redes-8-360x240.jpg\" class=\"total-image wp-post-image\" alt=\"Bocadillo con mortadela halal\" \/>\t\t\t<\/a>\n\t<div class=\"total u-p-sm u-npB-lastchild u-bg-color-white \">\n\t\t<p class=\"ht-five u-regular u-semibold m-itemReceta__title\">\n\t\t\t<a href=\"https:\/\/comercialholgado.com\/fr\/recettes\/receta-de-mortadela-halal-chef\" title=\"Sandwich \u00e0 la mortadelle Halal Chef.\">Sandwich \u00e0 la mortadelle Halal Chef. <\/a>\n\t\t<\/p>\n\t\t<p class=\"ht-body u-regular u-color-one-300 m-itemReceta__text\">Nous vous pr\u00e9sentons une d\u00e9licieuse recette facile \u00e0 pr\u00e9parer. La combinaison d&rsquo;ingr\u00e9dients frais et savoureux fait de ce sandwich une option parfaite pour un d\u00e9jeuner rapide ou un d\u00e9jeuner l\u00e9ger. N&rsquo;h\u00e9sitez pas \u00e0 essayer cette d\u00e9licieuse recette et surprenez votre famille et vos amis avec un sandwich diff\u00e9rent et plein de saveurs!<\/p>\n\t\t<a href=\"https:\/\/comercialholgado.com\/fr\/recettes\/receta-de-mortadela-halal-chef\" title=\"Sandwich \u00e0 la mortadelle Halal Chef.\" class=\"u-color-one-700 u-semibold ht-body-s uppercase a-linkSpecial\">Lire des recettes <span class=\"u-color-two-300\">\u2197<\/span> <\/a>\n\t<\/div>\n<\/article><\/div>\t\t\t<\/div>\n\t\t\t\n\t\t\t<div class=\"__footer total u-color-one\">\n\t\t\t\t<div class=\"__arrow-prev a-arrowCircle\">\n\t\t\t\t\t<svg xmlns=\"http:\/\/www.w3.org\/2000\/svg\" width=\"54\" height=\"54\" viewBox=\"0 0 54 54\"><g transform=\"translate(18227 2395)\"><path d=\"M27,1A26.007,26.007,0,0,0,16.88,50.957,26.007,26.007,0,0,0,37.12,3.043,25.836,25.836,0,0,0,27,1m0-1A27,27,0,1,1,0,27,27,27,0,0,1,27,0Z\" transform=\"translate(-18173 -2341) rotate(180)\"\/><path d=\"M24.1,13.244a.709.709,0,0,0-.06-.292.757.757,0,0,0-.177-.245L16.682,5.515a.972.972,0,0,0-.292-.217.71.71,0,0,0-.289-.062.684.684,0,0,0-.5.2.674.674,0,0,0-.2.5.852.852,0,0,0,.046.279.629.629,0,0,0,.144.235l3.232,3.258,3.666,3.408.168-.436-3.165-.151H4.863a.686.686,0,0,0-.51.2.766.766,0,0,0,0,1.03.686.686,0,0,0,.51.2H19.488l3.165-.151-.168-.428-3.666,3.4L15.587,20.04a.6.6,0,0,0-.143.232.855.855,0,0,0-.048.283.674.674,0,0,0,.2.5.684.684,0,0,0,.5.2.738.738,0,0,0,.526-.226l7.238-7.244a.885.885,0,0,0,.177-.256A.684.684,0,0,0,24.1,13.244Z\" transform=\"translate(-18185 -2355) rotate(180)\"\/><\/g><\/svg>\n\t\t\t\t<\/div>\n\t\t\t\t<div class=\"__arrow-next a-arrowCircle\">\n\t\t\t\t\t<svg xmlns=\"http:\/\/www.w3.org\/2000\/svg\" width=\"54\" height=\"54\" viewBox=\"0 0 54 54\">\n\t\t\t\t\t\t<g transform=\"translate(17968 2395)\">\n\t\t\t\t\t\t\t<path class=\"__circle\" d=\"M27,1A26.007,26.007,0,0,0,16.88,50.957,26.007,26.007,0,0,0,37.12,3.043,25.836,25.836,0,0,0,27,1m0-1A27,27,0,1,1,0,27,27,27,0,0,1,27,0Z\" transform=\"translate(-17968 -2395)\"\/>\n\t\t\t\t\t\t\t<path class=\"__arrow\" d=\"M24.1,13.244a.709.709,0,0,0-.06-.292.757.757,0,0,0-.177-.245L16.682,5.515a.972.972,0,0,0-.292-.217.71.71,0,0,0-.289-.062.684.684,0,0,0-.5.2.674.674,0,0,0-.2.5.852.852,0,0,0,.046.279.629.629,0,0,0,.144.235l3.232,3.258,3.666,3.408.168-.436-3.165-.151H4.863a.686.686,0,0,0-.51.2.766.766,0,0,0,0,1.03.686.686,0,0,0,.51.2H19.488l3.165-.151-.168-.428-3.666,3.4L15.587,20.04a.6.6,0,0,0-.143.232.855.855,0,0,0-.048.283.674.674,0,0,0,.2.5.684.684,0,0,0,.5.2.738.738,0,0,0,.526-.226l7.238-7.244a.885.885,0,0,0,.177-.256A.684.684,0,0,0,24.1,13.244Z\" transform=\"translate(-17956 -2381)\"\/>\n\t\t\t\t\t\t<\/g>\n\t\t\t\t\t<\/svg>\t\n\t\t\t\t<\/div>\n\t\t\t<\/div>\n\t\t<\/div>\n\t<\/div>\n        <div class=\"total u-pT-m\">\n        <div class=\"container mauto text-center\">\n           <a href=\"\/fr\/recettes\" title=\"Voir plus\"  class=\"a-btn a-btn-primary\" target=\"_blank\" >Voir plus<\/a>        <\/div>\n    <\/div>\n    \n<\/div>\n\n\n\n\n<div class=\"total l-images --x2 block-total-gallery\" id=\"block-total-gallery-block_f10db232a0ef9363400339b6e9829149\">\n        <div class=\"__col\">\n        <img decoding=\"async\" width=\"2150\" height=\"1620\" src=\"https:\/\/comercialholgado.com\/contenido\/subidas\/2023\/02\/logo-mockup2.jpg\" class=\"attachment-full size-full\" alt=\"Logo Comercial Holgado\" srcset=\"https:\/\/comercialholgado.com\/contenido\/subidas\/2023\/02\/logo-mockup2.jpg 2150w, https:\/\/comercialholgado.com\/contenido\/subidas\/2023\/02\/logo-mockup2-250x188.jpg 250w, https:\/\/comercialholgado.com\/contenido\/subidas\/2023\/02\/logo-mockup2-700x527.jpg 700w, https:\/\/comercialholgado.com\/contenido\/subidas\/2023\/02\/logo-mockup2-768x579.jpg 768w, https:\/\/comercialholgado.com\/contenido\/subidas\/2023\/02\/logo-mockup2-1536x1157.jpg 1536w, https:\/\/comercialholgado.com\/contenido\/subidas\/2023\/02\/logo-mockup2-2048x1543.jpg 2048w, https:\/\/comercialholgado.com\/contenido\/subidas\/2023\/02\/logo-mockup2-120x90.jpg 120w\" sizes=\"(max-width: 2150px) 100vw, 2150px\" \/>\t<\/div>\n        <div class=\"__col\">\n        <img decoding=\"async\" width=\"2560\" height=\"2048\" src=\"https:\/\/comercialholgado.com\/contenido\/subidas\/2023\/02\/mockuptarjetas-scaled.jpg\" class=\"attachment-full size-full\" alt=\"Tarjeta de visita Comercial Holgado\" srcset=\"https:\/\/comercialholgado.com\/contenido\/subidas\/2023\/02\/mockuptarjetas-scaled.jpg 2560w, https:\/\/comercialholgado.com\/contenido\/subidas\/2023\/02\/mockuptarjetas-250x200.jpg 250w, https:\/\/comercialholgado.com\/contenido\/subidas\/2023\/02\/mockuptarjetas-700x560.jpg 700w, https:\/\/comercialholgado.com\/contenido\/subidas\/2023\/02\/mockuptarjetas-768x614.jpg 768w, https:\/\/comercialholgado.com\/contenido\/subidas\/2023\/02\/mockuptarjetas-1536x1229.jpg 1536w, https:\/\/comercialholgado.com\/contenido\/subidas\/2023\/02\/mockuptarjetas-2048x1638.jpg 2048w, https:\/\/comercialholgado.com\/contenido\/subidas\/2023\/02\/mockuptarjetas-120x96.jpg 120w\" sizes=\"(max-width: 2560px) 100vw, 2560px\" \/>\t<\/div>\n    <\/div>\n","protected":false},"excerpt":{"rendered":"","protected":false},"author":1,"featured_media":0,"parent":0,"menu_order":32,"comment_status":"closed","ping_status":"closed","template":"","meta":{"_acf_changed":false,"_joinchat":[],"footnotes":""},"class_list":["post-3659","page","type-page","status-publish","hentry"],"acf":[],"yoast_head":"<!-- This site is optimized with the Yoast SEO plugin v25.2 - https:\/\/yoast.com\/wordpress\/plugins\/seo\/ -->\n<title>Home - Comercial Holgado<\/title>\n<meta name=\"robots\" content=\"index, follow, max-snippet:-1, max-image-preview:large, max-video-preview:-1\" \/>\n<link rel=\"canonical\" href=\"https:\/\/comercialholgado.com\/fr\" \/>\n<meta property=\"og:locale\" content=\"fr_FR\" \/>\n<meta property=\"og:type\" content=\"article\" \/>\n<meta property=\"og:title\" content=\"Home - Comercial Holgado\" \/>\n<meta property=\"og:url\" content=\"https:\/\/comercialholgado.com\/fr\" \/>\n<meta property=\"og:site_name\" content=\"Comercial Holgado\" \/>\n<meta property=\"article:modified_time\" content=\"2023-08-22T11:48:20+00:00\" \/>\n<meta name=\"twitter:card\" content=\"summary_large_image\" \/>\n<script type=\"application\/ld+json\" class=\"yoast-schema-graph\">{\"@context\":\"https:\/\/schema.org\",\"@graph\":[{\"@type\":\"WebPage\",\"@id\":\"https:\/\/comercialholgado.com\/fr\",\"url\":\"https:\/\/comercialholgado.com\/fr\",\"name\":\"Home - Comercial Holgado\",\"isPartOf\":{\"@id\":\"https:\/\/comercialholgado.com\/fr#website\"},\"datePublished\":\"2022-05-25T10:55:29+00:00\",\"dateModified\":\"2023-08-22T11:48:20+00:00\",\"breadcrumb\":{\"@id\":\"https:\/\/comercialholgado.com\/fr#breadcrumb\"},\"inLanguage\":\"fr-FR\",\"potentialAction\":[{\"@type\":\"ReadAction\",\"target\":[\"https:\/\/comercialholgado.com\/fr\"]}]},{\"@type\":\"BreadcrumbList\",\"@id\":\"https:\/\/comercialholgado.com\/fr#breadcrumb\",\"itemListElement\":[{\"@type\":\"ListItem\",\"position\":1,\"name\":\"Portada\",\"item\":\"https:\/\/comercialholgado.com\/fr\"},{\"@type\":\"ListItem\",\"position\":2,\"name\":\"Home\"}]},{\"@type\":\"WebSite\",\"@id\":\"https:\/\/comercialholgado.com\/fr#website\",\"url\":\"https:\/\/comercialholgado.com\/fr\",\"name\":\"Comercial Holgado\",\"description\":\"\",\"publisher\":{\"@id\":\"https:\/\/comercialholgado.com\/fr#organization\"},\"potentialAction\":[{\"@type\":\"SearchAction\",\"target\":{\"@type\":\"EntryPoint\",\"urlTemplate\":\"https:\/\/comercialholgado.com\/fr?s={search_term_string}\"},\"query-input\":{\"@type\":\"PropertyValueSpecification\",\"valueRequired\":true,\"valueName\":\"search_term_string\"}}],\"inLanguage\":\"fr-FR\"},{\"@type\":\"Organization\",\"@id\":\"https:\/\/comercialholgado.com\/fr#organization\",\"name\":\"Comercial Holgado\",\"url\":\"https:\/\/comercialholgado.com\/fr\",\"logo\":{\"@type\":\"ImageObject\",\"inLanguage\":\"fr-FR\",\"@id\":\"https:\/\/comercialholgado.com\/fr#\/schema\/logo\/image\/\",\"url\":\"https:\/\/comercialholgado.com\/contenido\/subidas\/2022\/08\/logotipo.svg\",\"contentUrl\":\"https:\/\/comercialholgado.com\/contenido\/subidas\/2022\/08\/logotipo.svg\",\"width\":140,\"height\":54,\"caption\":\"Comercial Holgado\"},\"image\":{\"@id\":\"https:\/\/comercialholgado.com\/fr#\/schema\/logo\/image\/\"}}]}<\/script>\n<!-- \/ Yoast SEO plugin. -->","yoast_head_json":{"title":"Home - Comercial Holgado","robots":{"index":"index","follow":"follow","max-snippet":"max-snippet:-1","max-image-preview":"max-image-preview:large","max-video-preview":"max-video-preview:-1"},"canonical":"https:\/\/comercialholgado.com\/fr","og_locale":"fr_FR","og_type":"article","og_title":"Home - Comercial Holgado","og_url":"https:\/\/comercialholgado.com\/fr","og_site_name":"Comercial Holgado","article_modified_time":"2023-08-22T11:48:20+00:00","twitter_card":"summary_large_image","schema":{"@context":"https:\/\/schema.org","@graph":[{"@type":"WebPage","@id":"https:\/\/comercialholgado.com\/fr","url":"https:\/\/comercialholgado.com\/fr","name":"Home - Comercial Holgado","isPartOf":{"@id":"https:\/\/comercialholgado.com\/fr#website"},"datePublished":"2022-05-25T10:55:29+00:00","dateModified":"2023-08-22T11:48:20+00:00","breadcrumb":{"@id":"https:\/\/comercialholgado.com\/fr#breadcrumb"},"inLanguage":"fr-FR","potentialAction":[{"@type":"ReadAction","target":["https:\/\/comercialholgado.com\/fr"]}]},{"@type":"BreadcrumbList","@id":"https:\/\/comercialholgado.com\/fr#breadcrumb","itemListElement":[{"@type":"ListItem","position":1,"name":"Portada","item":"https:\/\/comercialholgado.com\/fr"},{"@type":"ListItem","position":2,"name":"Home"}]},{"@type":"WebSite","@id":"https:\/\/comercialholgado.com\/fr#website","url":"https:\/\/comercialholgado.com\/fr","name":"Comercial Holgado","description":"","publisher":{"@id":"https:\/\/comercialholgado.com\/fr#organization"},"potentialAction":[{"@type":"SearchAction","target":{"@type":"EntryPoint","urlTemplate":"https:\/\/comercialholgado.com\/fr?s={search_term_string}"},"query-input":{"@type":"PropertyValueSpecification","valueRequired":true,"valueName":"search_term_string"}}],"inLanguage":"fr-FR"},{"@type":"Organization","@id":"https:\/\/comercialholgado.com\/fr#organization","name":"Comercial Holgado","url":"https:\/\/comercialholgado.com\/fr","logo":{"@type":"ImageObject","inLanguage":"fr-FR","@id":"https:\/\/comercialholgado.com\/fr#\/schema\/logo\/image\/","url":"https:\/\/comercialholgado.com\/contenido\/subidas\/2022\/08\/logotipo.svg","contentUrl":"https:\/\/comercialholgado.com\/contenido\/subidas\/2022\/08\/logotipo.svg","width":140,"height":54,"caption":"Comercial Holgado"},"image":{"@id":"https:\/\/comercialholgado.com\/fr#\/schema\/logo\/image\/"}}]}},"_links":{"self":[{"href":"https:\/\/comercialholgado.com\/fr\/wp-json\/wp\/v2\/pages\/3659","targetHints":{"allow":["GET"]}}],"collection":[{"href":"https:\/\/comercialholgado.com\/fr\/wp-json\/wp\/v2\/pages"}],"about":[{"href":"https:\/\/comercialholgado.com\/fr\/wp-json\/wp\/v2\/types\/page"}],"author":[{"embeddable":true,"href":"https:\/\/comercialholgado.com\/fr\/wp-json\/wp\/v2\/users\/1"}],"replies":[{"embeddable":true,"href":"https:\/\/comercialholgado.com\/fr\/wp-json\/wp\/v2\/comments?post=3659"}],"version-history":[{"count":0,"href":"https:\/\/comercialholgado.com\/fr\/wp-json\/wp\/v2\/pages\/3659\/revisions"}],"wp:attachment":[{"href":"https:\/\/comercialholgado.com\/fr\/wp-json\/wp\/v2\/media?parent=3659"}],"curies":[{"name":"wp","href":"https:\/\/api.w.org\/{rel}","templated":true}]}}